{"id":36,"date":"2024-11-19T14:29:36","date_gmt":"2024-11-19T14:29:36","guid":{"rendered":"https:\/\/aralsavunma.com\/?page_id=36"},"modified":"2024-11-21T15:06:30","modified_gmt":"2024-11-21T15:06:30","slug":"kurumsal","status":"publish","type":"page","link":"https:\/\/aralsavunma.com\/?page_id=36","title":{"rendered":"Institutional"},"content":{"rendered":"\n<main class=\"wp-block-group has-light-color-background-color has-background is-layout-constrained wp-container-core-group-is-layout-10 wp-block-group-is-layout-constrained\" style=\"margin-top:0;margin-bottom:0;padding-top:0;padding-right:0;padding-bottom:0;padding-left:0\">\n<div class=\"wp-block-cover\" style=\"min-height:337px;aspect-ratio:unset;\"><span aria-hidden=\"true\" class=\"wp-block-cover__background has-dark-shade-background-color has-background-dim-10 has-background-dim\"><\/span><img loading=\"lazy\" decoding=\"async\" width=\"1002\" height=\"371\" class=\"wp-block-cover__image-background wp-image-132\" alt=\"\" src=\"https:\/\/aralsavunma.com\/wp-content\/uploads\/2024\/11\/Ekran-goruntusu-2024-11-19-211250.png\" data-object-fit=\"cover\" srcset=\"https:\/\/aralsavunma.com\/wp-content\/uploads\/2024\/11\/Ekran-goruntusu-2024-11-19-211250.png 1002w, https:\/\/aralsavunma.com\/wp-content\/uploads\/2024\/11\/Ekran-goruntusu-2024-11-19-211250-300x111.png 300w, https:\/\/aralsavunma.com\/wp-content\/uploads\/2024\/11\/Ekran-goruntusu-2024-11-19-211250-768x284.png 768w\" sizes=\"auto, (max-width: 1002px) 100vw, 1002px\" \/><div class=\"wp-block-cover__inner-container is-layout-constrained wp-container-core-cover-is-layout-1 wp-block-cover-is-layout-constrained\">\n<h1 class=\"wp-block-heading has-text-align-center has-light-color-color has-text-color has-link-color has-xxx-large-font-size wp-elements-e54f9547d5539d6ff9d74b9d021687cb\" style=\"font-style:normal;font-weight:600\">ARAL DEFENSE<\/h1>\n<\/div><\/div>\n\n\n\n<div class=\"wp-block-group has-border-light-color-background-color has-background is-layout-constrained wp-container-core-group-is-layout-1 wp-block-group-is-layout-constrained\" style=\"margin-top:0;margin-bottom:0;padding-top:var(--wp--preset--spacing--80);padding-right:var(--wp--preset--spacing--40);padding-bottom:var(--wp--preset--spacing--80);padding-left:var(--wp--preset--spacing--40)\">\n<p class=\"has-dark-color-color has-text-color has-link-color has-medium-font-size wp-elements-3c5e9364b79fd4ef15145d1fa09d0ff2\">Aral Defense is one of the leading companies in the defense industry that produces high-security and strategic products. It operates to strengthen national security and defense capacity in line with developing technology and increasing needs.<\/p>\n\n\n\n<p class=\"has-dark-color-color has-text-color has-link-color has-medium-font-size wp-elements-89938cba2eddfa3e5919d4cef71b9762\">The vision is to provide solutions that will best meet the needs of the defense industry with quality production processes at international standards. Its importance in the sector is reinforced with a strong infrastructure, experienced staff and domestic production approach.<\/p>\n\n\n\n<p class=\"has-dark-color-color has-text-color has-link-color has-medium-font-size wp-elements-b4d536228aa4fdbd9cef46936d8c0b08\">By undertaking large-scale defense projects, Aral Defense contributes to Turkey&#8217;s strategic power in the defense industry and gains a competitive position in the international market. Expertise in the production of combat vehicles, weapon systems, ammunition and defense equipment makes it one of the most reliable and powerful players in the sector.<\/p>\n<\/div>\n\n\n\n<div class=\"wp-block-group has-dark-shade-background-color has-background is-layout-constrained wp-container-core-group-is-layout-9 wp-block-group-is-layout-constrained\" style=\"margin-top:0;margin-bottom:0;padding-top:100px;padding-right:var(--wp--preset--spacing--40);padding-bottom:100px;padding-left:var(--wp--preset--spacing--40)\">\n<div class=\"wp-block-group homedroid-fade-up is-layout-constrained wp-container-core-group-is-layout-2 wp-block-group-is-layout-constrained\">\n<p class=\"has-text-align-center has-secondary-color has-text-color has-link-color has-xx-large-font-size wp-elements-e20328093857ef7a85b93a87c6be0ffb\" style=\"font-style:normal;font-weight:1000\">CAPAB\u0130L\u0130T\u0130ES<\/p>\n<\/div>\n\n\n\n<div class=\"wp-block-columns homedroid-fade-up is-layout-flex wp-container-core-columns-is-layout-1 wp-block-columns-is-layout-flex\" style=\"margin-top:48px\">\n<div class=\"wp-block-column is-layout-flow wp-block-column-is-layout-flow\">\n<div class=\"wp-block-cover has-custom-content-position is-position-bottom-left homedroid-portfolio-box\" style=\"border-radius:20px;padding-top:0px;padding-right:0px;padding-bottom:0px;padding-left:0px;min-height:250px;aspect-ratio:unset;\"><span aria-hidden=\"true\" class=\"wp-block-cover__background has-background-dim-10 has-background-dim\" style=\"background-color:#4d5c5e\"><\/span><img loading=\"lazy\" decoding=\"async\" width=\"663\" height=\"362\" class=\"wp-block-cover__image-background wp-image-104\" alt=\"\" src=\"http:\/\/aralsavunma.com\/wp-content\/uploads\/2024\/11\/Ekran-goruntusu-2024-11-19-184543.png\" data-object-fit=\"cover\" srcset=\"https:\/\/aralsavunma.com\/wp-content\/uploads\/2024\/11\/Ekran-goruntusu-2024-11-19-184543.png 663w, https:\/\/aralsavunma.com\/wp-content\/uploads\/2024\/11\/Ekran-goruntusu-2024-11-19-184543-300x164.png 300w\" sizes=\"auto, (max-width: 663px) 100vw, 663px\" \/><div class=\"wp-block-cover__inner-container is-layout-constrained wp-container-core-cover-is-layout-2 wp-block-cover-is-layout-constrained\">\n<div class=\"wp-block-group homedroid-portfolio-content has-light-color-background-color has-background is-content-justification-space-between is-nowrap is-layout-flex wp-container-core-group-is-layout-3 wp-block-group-is-layout-flex\" style=\"border-style:none;border-width:0px;border-top-left-radius:20px;border-top-right-radius:20px;border-bottom-left-radius:0px;border-bottom-right-radius:0px;padding-top:24px;padding-right:var(--wp--preset--spacing--30);padding-bottom:24px;padding-left:30px\">\n<h3 class=\"wp-block-heading has-text-align-left has-big-font-size\" style=\"font-style:normal;font-weight:500\"><a href=\"https:\/\/aralsavunma.com\/?page_id=37\">Land Platforms<\/a><\/h3>\n\n\n\n<div class=\"wp-block-buttons is-layout-flex wp-block-buttons-is-layout-flex\">\n<div class=\"wp-block-button homedroid-portfolio-link-icon\"><a class=\"wp-block-button__link wp-element-button\" style=\"border-radius:60px\">More<\/a><\/div>\n<\/div>\n<\/div>\n<\/div><\/div>\n<\/div>\n\n\n\n<div class=\"wp-block-column is-layout-flow wp-block-column-is-layout-flow\">\n<div class=\"wp-block-cover has-custom-content-position is-position-bottom-left homedroid-portfolio-box\" style=\"border-radius:20px;padding-top:0px;padding-right:0px;padding-bottom:0px;padding-left:0px;min-height:250px;aspect-ratio:unset;\"><span aria-hidden=\"true\" class=\"wp-block-cover__background has-background-dim-10 has-background-dim\" style=\"background-color:#66798d\"><\/span><img loading=\"lazy\" decoding=\"async\" width=\"753\" height=\"396\" class=\"wp-block-cover__image-background wp-image-103\" alt=\"\" src=\"http:\/\/aralsavunma.com\/wp-content\/uploads\/2024\/11\/FUZEATAR.png\" data-object-fit=\"cover\" srcset=\"https:\/\/aralsavunma.com\/wp-content\/uploads\/2024\/11\/FUZEATAR.png 753w, https:\/\/aralsavunma.com\/wp-content\/uploads\/2024\/11\/FUZEATAR-300x158.png 300w\" sizes=\"auto, (max-width: 753px) 100vw, 753px\" \/><div class=\"wp-block-cover__inner-container is-layout-constrained wp-container-core-cover-is-layout-3 wp-block-cover-is-layout-constrained\">\n<div class=\"wp-block-group homedroid-portfolio-content has-light-color-background-color has-background is-content-justification-space-between is-nowrap is-layout-flex wp-container-core-group-is-layout-4 wp-block-group-is-layout-flex\" style=\"border-style:none;border-width:0px;border-top-left-radius:20px;border-top-right-radius:20px;border-bottom-left-radius:0px;border-bottom-right-radius:0px;padding-top:24px;padding-right:var(--wp--preset--spacing--30);padding-bottom:24px;padding-left:30px\">\n<h3 class=\"wp-block-heading has-text-align-left has-big-font-size\" style=\"font-style:normal;font-weight:500\"><a href=\"https:\/\/aralsavunma.com\/?page_id=37\">Aerial Platforms<\/a><\/h3>\n\n\n\n<div class=\"wp-block-buttons is-layout-flex wp-block-buttons-is-layout-flex\">\n<div class=\"wp-block-button homedroid-portfolio-link-icon\"><a class=\"wp-block-button__link wp-element-button\" style=\"border-radius:60px\">More<\/a><\/div>\n<\/div>\n<\/div>\n<\/div><\/div>\n<\/div>\n\n\n\n<div class=\"wp-block-column is-layout-flow wp-block-column-is-layout-flow\">\n<div class=\"wp-block-cover is-light has-custom-content-position is-position-bottom-left homedroid-portfolio-box\" style=\"border-radius:20px;padding-top:0px;padding-right:0px;padding-bottom:0px;padding-left:0px;min-height:250px;aspect-ratio:unset;\"><span aria-hidden=\"true\" class=\"wp-block-cover__background has-background-dim-10 has-background-dim\" style=\"background-color:#b7b5b5\"><\/span><img loading=\"lazy\" decoding=\"async\" width=\"743\" height=\"541\" class=\"wp-block-cover__image-background wp-image-175\" alt=\"\" src=\"http:\/\/aralsavunma.com\/wp-content\/uploads\/2024\/11\/Ekran-goruntusu-2024-11-18-224631-1.png\" data-object-fit=\"cover\" srcset=\"https:\/\/aralsavunma.com\/wp-content\/uploads\/2024\/11\/Ekran-goruntusu-2024-11-18-224631-1.png 743w, https:\/\/aralsavunma.com\/wp-content\/uploads\/2024\/11\/Ekran-goruntusu-2024-11-18-224631-1-300x218.png 300w\" sizes=\"auto, (max-width: 743px) 100vw, 743px\" \/><div class=\"wp-block-cover__inner-container is-layout-constrained wp-container-core-cover-is-layout-4 wp-block-cover-is-layout-constrained\">\n<div class=\"wp-block-group homedroid-portfolio-content has-light-color-background-color has-background is-content-justification-space-between is-nowrap is-layout-flex wp-container-core-group-is-layout-5 wp-block-group-is-layout-flex\" style=\"border-style:none;border-width:0px;border-top-left-radius:20px;border-top-right-radius:20px;border-bottom-left-radius:0px;border-bottom-right-radius:0px;padding-top:24px;padding-right:var(--wp--preset--spacing--30);padding-bottom:24px;padding-left:30px\">\n<h3 class=\"wp-block-heading has-text-align-left has-big-font-size\" style=\"font-style:normal;font-weight:500\"><a href=\"https:\/\/aralsavunma.com\/?page_id=37\">Marine Platforms<\/a><\/h3>\n\n\n\n<div class=\"wp-block-buttons is-layout-flex wp-block-buttons-is-layout-flex\">\n<div class=\"wp-block-button homedroid-portfolio-link-icon\"><a class=\"wp-block-button__link wp-element-button\" style=\"border-radius:60px\">More<\/a><\/div>\n<\/div>\n<\/div>\n<\/div><\/div>\n<\/div>\n<\/div>\n\n\n\n<div class=\"wp-block-columns homedroid-fade-up is-layout-flex wp-container-core-columns-is-layout-2 wp-block-columns-is-layout-flex\" style=\"margin-top:24px\">\n<div class=\"wp-block-column is-layout-flow wp-block-column-is-layout-flow\">\n<div class=\"wp-block-cover has-custom-content-position is-position-bottom-left homedroid-portfolio-box\" style=\"border-radius:20px;padding-top:0px;padding-right:0px;padding-bottom:0px;padding-left:0px;min-height:250px;aspect-ratio:unset;\"><span aria-hidden=\"true\" class=\"wp-block-cover__background has-background-dim-10 has-background-dim\" style=\"background-color:#74726f\"><\/span><img loading=\"lazy\" decoding=\"async\" width=\"858\" height=\"498\" class=\"wp-block-cover__image-background wp-image-61\" alt=\"\" src=\"http:\/\/aralsavunma.com\/wp-content\/uploads\/2024\/11\/Ekran-goruntusu-2024-11-18-224748.png\" data-object-fit=\"cover\" srcset=\"https:\/\/aralsavunma.com\/wp-content\/uploads\/2024\/11\/Ekran-goruntusu-2024-11-18-224748.png 858w, https:\/\/aralsavunma.com\/wp-content\/uploads\/2024\/11\/Ekran-goruntusu-2024-11-18-224748-300x174.png 300w, https:\/\/aralsavunma.com\/wp-content\/uploads\/2024\/11\/Ekran-goruntusu-2024-11-18-224748-768x446.png 768w\" sizes=\"auto, (max-width: 858px) 100vw, 858px\" \/><div class=\"wp-block-cover__inner-container is-layout-constrained wp-container-core-cover-is-layout-5 wp-block-cover-is-layout-constrained\">\n<div class=\"wp-block-group homedroid-portfolio-content has-light-color-background-color has-background is-content-justification-space-between is-nowrap is-layout-flex wp-container-core-group-is-layout-6 wp-block-group-is-layout-flex\" style=\"border-style:none;border-width:0px;border-top-left-radius:20px;border-top-right-radius:20px;border-bottom-left-radius:0px;border-bottom-right-radius:0px;padding-top:24px;padding-right:var(--wp--preset--spacing--30);padding-bottom:24px;padding-left:30px\">\n<h3 class=\"wp-block-heading has-text-align-left has-big-font-size\" style=\"font-style:normal;font-weight:500\"><a href=\"https:\/\/aralsavunma.com\/?page_id=37\">Weapon Systems and Parts<\/a><\/h3>\n\n\n\n<div class=\"wp-block-buttons is-layout-flex wp-block-buttons-is-layout-flex\">\n<div class=\"wp-block-button homedroid-portfolio-link-icon\"><a class=\"wp-block-button__link wp-element-button\" style=\"border-radius:60px\">More<\/a><\/div>\n<\/div>\n<\/div>\n<\/div><\/div>\n<\/div>\n\n\n\n<div class=\"wp-block-column is-layout-flow wp-block-column-is-layout-flow\">\n<div class=\"wp-block-cover is-light has-custom-content-position is-position-bottom-left homedroid-portfolio-box\" style=\"border-radius:20px;padding-top:0px;padding-right:0px;padding-bottom:0px;padding-left:0px;min-height:250px;aspect-ratio:unset;\"><span aria-hidden=\"true\" class=\"wp-block-cover__background has-background-dim-10 has-background-dim\" style=\"background-color:#7b95b5\"><\/span><img loading=\"lazy\" decoding=\"async\" width=\"517\" height=\"342\" class=\"wp-block-cover__image-background wp-image-229\" alt=\"\" src=\"http:\/\/aralsavunma.com\/wp-content\/uploads\/2024\/11\/TERMAL-SISTEMLER.png\" data-object-fit=\"cover\" srcset=\"https:\/\/aralsavunma.com\/wp-content\/uploads\/2024\/11\/TERMAL-SISTEMLER.png 517w, https:\/\/aralsavunma.com\/wp-content\/uploads\/2024\/11\/TERMAL-SISTEMLER-300x198.png 300w\" sizes=\"auto, (max-width: 517px) 100vw, 517px\" \/><div class=\"wp-block-cover__inner-container is-layout-constrained wp-container-core-cover-is-layout-6 wp-block-cover-is-layout-constrained\">\n<div class=\"wp-block-group homedroid-portfolio-content has-light-color-background-color has-background is-content-justification-space-between is-nowrap is-layout-flex wp-container-core-group-is-layout-7 wp-block-group-is-layout-flex\" style=\"border-style:none;border-width:0px;border-top-left-radius:20px;border-top-right-radius:20px;border-bottom-left-radius:0px;border-bottom-right-radius:0px;padding-top:24px;padding-right:var(--wp--preset--spacing--30);padding-bottom:24px;padding-left:30px\">\n<h3 class=\"wp-block-heading has-text-align-left has-big-font-size\" style=\"font-style:normal;font-weight:500\"><a href=\"https:\/\/aralsavunma.com\/?page_id=37\">Electronic and Optical Systems<\/a><\/h3>\n\n\n\n<div class=\"wp-block-buttons is-layout-flex wp-block-buttons-is-layout-flex\">\n<div class=\"wp-block-button homedroid-portfolio-link-icon\"><a class=\"wp-block-button__link wp-element-button\" style=\"border-radius:60px\">More<\/a><\/div>\n<\/div>\n<\/div>\n<\/div><\/div>\n<\/div>\n\n\n\n<div class=\"wp-block-column is-layout-flow wp-block-column-is-layout-flow\">\n<div class=\"wp-block-cover has-custom-content-position is-position-bottom-left homedroid-portfolio-box\" style=\"border-radius:20px;padding-top:0px;padding-right:0px;padding-bottom:0px;padding-left:0px;min-height:250px;aspect-ratio:unset;\"><span aria-hidden=\"true\" class=\"wp-block-cover__background has-background-dim-10 has-background-dim\" style=\"background-color:#7b7c7b\"><\/span><img loading=\"lazy\" decoding=\"async\" width=\"480\" height=\"311\" class=\"wp-block-cover__image-background wp-image-232\" alt=\"\" src=\"http:\/\/aralsavunma.com\/wp-content\/uploads\/2024\/11\/ZIRH.png\" data-object-fit=\"cover\" srcset=\"https:\/\/aralsavunma.com\/wp-content\/uploads\/2024\/11\/ZIRH.png 480w, https:\/\/aralsavunma.com\/wp-content\/uploads\/2024\/11\/ZIRH-300x194.png 300w\" sizes=\"auto, (max-width: 480px) 100vw, 480px\" \/><div class=\"wp-block-cover__inner-container is-layout-constrained wp-container-core-cover-is-layout-7 wp-block-cover-is-layout-constrained\">\n<div class=\"wp-block-group homedroid-portfolio-content has-light-color-background-color has-background is-content-justification-space-between is-nowrap is-layout-flex wp-container-core-group-is-layout-8 wp-block-group-is-layout-flex\" style=\"border-style:none;border-width:0px;border-top-left-radius:20px;border-top-right-radius:20px;border-bottom-left-radius:0px;border-bottom-right-radius:0px;padding-top:24px;padding-right:var(--wp--preset--spacing--30);padding-bottom:24px;padding-left:30px\">\n<h3 class=\"wp-block-heading has-text-align-left has-big-font-size\" style=\"font-style:normal;font-weight:500\"><a href=\"https:\/\/aralsavunma.com\/?page_id=37\">Metallurgy and Materials Solutions<\/a><\/h3>\n\n\n\n<div class=\"wp-block-buttons is-layout-flex wp-block-buttons-is-layout-flex\">\n<div class=\"wp-block-button homedroid-portfolio-link-icon\"><a class=\"wp-block-button__link wp-element-button\" style=\"border-radius:60px\">More<\/a><\/div>\n<\/div>\n<\/div>\n<\/div><\/div>\n<\/div>\n<\/div>\n<\/div>\n<\/main>\n","protected":false},"excerpt":{"rendered":"<p>Aral Defense is one of the leading companies in the defense industry that produces high-security and strategic products. It operates to strengthen national security and defense capacity in line with developing technology and increasing needs. The vision is to provide solutions that will best meet the needs of the defense industry with quality production processes&#8230;<\/p>\n","protected":false},"author":1,"featured_media":0,"parent":0,"menu_order":0,"comment_status":"closed","ping_status":"closed","template":"","meta":{"footnotes":""},"class_list":["post-36","page","type-page","status-publish","hentry"],"_links":{"self":[{"href":"https:\/\/aralsavunma.com\/index.php?rest_route=\/wp\/v2\/pages\/36","targetHints":{"allow":["GET"]}}],"collection":[{"href":"https:\/\/aralsavunma.com\/index.php?rest_route=\/wp\/v2\/pages"}],"about":[{"href":"https:\/\/aralsavunma.com\/index.php?rest_route=\/wp\/v2\/types\/page"}],"author":[{"embeddable":true,"href":"https:\/\/aralsavunma.com\/index.php?rest_route=\/wp\/v2\/users\/1"}],"replies":[{"embeddable":true,"href":"https:\/\/aralsavunma.com\/index.php?rest_route=%2Fwp%2Fv2%2Fcomments&post=36"}],"version-history":[{"count":16,"href":"https:\/\/aralsavunma.com\/index.php?rest_route=\/wp\/v2\/pages\/36\/revisions"}],"predecessor-version":[{"id":304,"href":"https:\/\/aralsavunma.com\/index.php?rest_route=\/wp\/v2\/pages\/36\/revisions\/304"}],"wp:attachment":[{"href":"https:\/\/aralsavunma.com\/index.php?rest_route=%2Fwp%2Fv2%2Fmedia&parent=36"}],"curies":[{"name":"wp","href":"https:\/\/api.w.org\/{rel}","templated":true}]}}